{"id":15,"date":"2023-11-18T12:33:49","date_gmt":"2023-11-18T11:33:49","guid":{"rendered":"https:\/\/lucmar.pl\/?page_id=15"},"modified":"2024-09-19T18:28:23","modified_gmt":"2024-09-19T16:28:23","slug":"strona-glowna","status":"publish","type":"page","link":"https:\/\/lucmar.pl\/","title":{"rendered":"Strona g\u0142\u00f3wna"},"content":{"rendered":"\t\t<div data-elementor-type=\"wp-page\" data-elementor-id=\"15\" class=\"elementor elementor-15\">\n\t\t\t\t\t\t\t<div class=\"elementor-element elementor-element-8639f95 e-flex e-con-boxed e-con e-parent\" data-id=\"8639f95\" data-element_type=\"container\" data-settings=\"{&quot;content_width&quot;:&quot;boxed&quot;}\" data-core-v316-plus=\"true\">\n\t\t\t\t\t<div class=\"e-con-inner\">\n\t\t\t\t<div class=\"elementor-element elementor-element-f354dd4 elementor-widget elementor-widget-heading\" data-id=\"f354dd4\" data-element_type=\"widget\" data-widget_type=\"heading.default\">\n\t\t\t\t<div class=\"elementor-widget-container\">\n\t\t\t<style>\/*! elementor - v3.18.0 - 08-12-2023 *\/\n.elementor-heading-title{padding:0;margin:0;line-height:1}.elementor-widget-heading .elementor-heading-title[class*=elementor-size-]>a{color:inherit;font-size:inherit;line-height:inherit}.elementor-widget-heading .elementor-heading-title.elementor-size-small{font-size:15px}.elementor-widget-heading .elementor-heading-title.elementor-size-medium{font-size:19px}.elementor-widget-heading .elementor-heading-title.elementor-size-large{font-size:29px}.elementor-widget-heading .elementor-heading-title.elementor-size-xl{font-size:39px}.elementor-widget-heading .elementor-heading-title.elementor-size-xxl{font-size:59px}<\/style><h2 class=\"elementor-heading-title elementor-size-default\">O NAS<\/h2>\t\t<\/div>\n\t\t\t\t<\/div>\n\t\t<div class=\"elementor-element elementor-element-badc336 e-con-full e-flex e-con e-child\" data-id=\"badc336\" data-element_type=\"container\" data-settings=\"{&quot;content_width&quot;:&quot;full&quot;}\">\n\t\t\t\t<div class=\"elementor-element elementor-element-4f662dc elementor-widget__width-inherit elementor-invisible elementor-widget elementor-widget-text-editor\" data-id=\"4f662dc\" data-element_type=\"widget\" data-settings=\"{&quot;_animation&quot;:&quot;zoomIn&quot;}\" data-widget_type=\"text-editor.default\">\n\t\t\t\t<div class=\"elementor-widget-container\">\n\t\t\t<style>\/*! elementor - v3.18.0 - 08-12-2023 *\/\n.elementor-widget-text-editor.elementor-drop-cap-view-stacked .elementor-drop-cap{background-color:#69727d;color:#fff}.elementor-widget-text-editor.elementor-drop-cap-view-framed .elementor-drop-cap{color:#69727d;border:3px solid;background-color:transparent}.elementor-widget-text-editor:not(.elementor-drop-cap-view-default) .elementor-drop-cap{margin-top:8px}.elementor-widget-text-editor:not(.elementor-drop-cap-view-default) .elementor-drop-cap-letter{width:1em;height:1em}.elementor-widget-text-editor .elementor-drop-cap{float:left;text-align:center;line-height:1;font-size:50px}.elementor-widget-text-editor .elementor-drop-cap-letter{display:inline-block}<\/style>\t\t\t\t<p>Lucmar Sp. Z o.o. to dynamicznie rozwijaj\u0105ca si\u0119 firma, kt\u00f3ra zajmuje si\u0119 kompleksowym wykonywaniem prac og\u00f3lnobudowlanych. Nasi wykwalifikowani pracownicy posiadaj\u0105 wieloletnie do\u015bwiadczenie w remontach, przebudowach i modernizacjach r\u00f3\u017cnego rodzaju obiekt\u00f3w budowlanych, zar\u00f3wno w sektorze prywatnym, jak i publicznym. Realizujemy projekty o wysokim stopniu skomplikowania, wykorzystuj\u0105c najnowsze technologie i trendy w budownictwie. Dzi\u0119ki naszemu zaanga\u017cowaniu i podej\u015bciu indywidualnemu do ka\u017cdej realizowanej inwestycji, zawsze staramy si\u0119 sprosta\u0107 wymaganiom i oczekiwaniom naszych klient\u00f3w. Nasza firma gwarantuje wysok\u0105 jako\u015b\u0107 wykonywanych us\u0142ug, terminowo\u015b\u0107 oraz konkurencyjne ceny. Zapraszamy do wsp\u00f3\u0142pracy!<\/p>\t\t\t\t\t\t<\/div>\n\t\t\t\t<\/div>\n\t\t\t\t<div class=\"elementor-element elementor-element-580c657 elementor-widget-divider--view-line elementor-widget elementor-widget-divider\" data-id=\"580c657\" data-element_type=\"widget\" data-widget_type=\"divider.default\">\n\t\t\t\t<div class=\"elementor-widget-container\">\n\t\t\t<style>\/*! elementor - v3.18.0 - 08-12-2023 *\/\n.elementor-widget-divider{--divider-border-style:none;--divider-border-width:1px;--divider-color:#0c0d0e;--divider-icon-size:20px;--divider-element-spacing:10px;--divider-pattern-height:24px;--divider-pattern-size:20px;--divider-pattern-url:none;--divider-pattern-repeat:repeat-x}.elementor-widget-divider .elementor-divider{display:flex}.elementor-widget-divider .elementor-divider__text{font-size:15px;line-height:1;max-width:95%}.elementor-widget-divider .elementor-divider__element{margin:0 var(--divider-element-spacing);flex-shrink:0}.elementor-widget-divider .elementor-icon{font-size:var(--divider-icon-size)}.elementor-widget-divider .elementor-divider-separator{display:flex;margin:0;direction:ltr}.elementor-widget-divider--view-line_icon .elementor-divider-separator,.elementor-widget-divider--view-line_text .elementor-divider-separator{align-items:center}.elementor-widget-divider--view-line_icon .elementor-divider-separator:after,.elementor-widget-divider--view-line_icon .elementor-divider-separator:before,.elementor-widget-divider--view-line_text .elementor-divider-separator:after,.elementor-widget-divider--view-line_text .elementor-divider-separator:before{display:block;content:\"\";border-bottom:0;flex-grow:1;border-top:var(--divider-border-width) var(--divider-border-style) var(--divider-color)}.elementor-widget-divider--element-align-left .elementor-divider .elementor-divider-separator>.elementor-divider__svg:first-of-type{flex-grow:0;flex-shrink:100}.elementor-widget-divider--element-align-left .elementor-divider-separator:before{content:none}.elementor-widget-divider--element-align-left .elementor-divider__element{margin-left:0}.elementor-widget-divider--element-align-right .elementor-divider .elementor-divider-separator>.elementor-divider__svg:last-of-type{flex-grow:0;flex-shrink:100}.elementor-widget-divider--element-align-right .elementor-divider-separator:after{content:none}.elementor-widget-divider--element-align-right .elementor-divider__element{margin-right:0}.elementor-widget-divider:not(.elementor-widget-divider--view-line_text):not(.elementor-widget-divider--view-line_icon) .elementor-divider-separator{border-top:var(--divider-border-width) var(--divider-border-style) var(--divider-color)}.elementor-widget-divider--separator-type-pattern{--divider-border-style:none}.elementor-widget-divider--separator-type-pattern.elementor-widget-divider--view-line .elementor-divider-separator,.elementor-widget-divider--separator-type-pattern:not(.elementor-widget-divider--view-line) .elementor-divider-separator:after,.elementor-widget-divider--separator-type-pattern:not(.elementor-widget-divider--view-line) .elementor-divider-separator:before,.elementor-widget-divider--separator-type-pattern:not([class*=elementor-widget-divider--view]) .elementor-divider-separator{width:100%;min-height:var(--divider-pattern-height);-webkit-mask-size:var(--divider-pattern-size) 100%;mask-size:var(--divider-pattern-size) 100%;-webkit-mask-repeat:var(--divider-pattern-repeat);mask-repeat:var(--divider-pattern-repeat);background-color:var(--divider-color);-webkit-mask-image:var(--divider-pattern-url);mask-image:var(--divider-pattern-url)}.elementor-widget-divider--no-spacing{--divider-pattern-size:auto}.elementor-widget-divider--bg-round{--divider-pattern-repeat:round}.rtl .elementor-widget-divider .elementor-divider__text{direction:rtl}.e-con-inner>.elementor-widget-divider,.e-con>.elementor-widget-divider{width:var(--container-widget-width,100%);--flex-grow:var(--container-widget-flex-grow)}<\/style>\t\t<div class=\"elementor-divider\">\n\t\t\t<span class=\"elementor-divider-separator\">\n\t\t\t\t\t\t<\/span>\n\t\t<\/div>\n\t\t\t\t<\/div>\n\t\t\t\t<\/div>\n\t\t\t\t<\/div>\n\t\t\t\t\t<\/div>\n\t\t\t\t<\/div>\n\t\t<div class=\"elementor-element elementor-element-e959470 e-flex e-con-boxed e-con e-parent\" data-id=\"e959470\" data-element_type=\"container\" data-settings=\"{&quot;content_width&quot;:&quot;boxed&quot;}\" data-core-v316-plus=\"true\">\n\t\t\t\t\t<div class=\"e-con-inner\">\n\t\t\t\t<div class=\"elementor-element elementor-element-8c4ae08 elementor-widget elementor-widget-heading\" data-id=\"8c4ae08\" data-element_type=\"widget\" data-widget_type=\"heading.default\">\n\t\t\t\t<div class=\"elementor-widget-container\">\n\t\t\t<h2 class=\"elementor-heading-title elementor-size-default\">US\u0141UGI<\/h2>\t\t<\/div>\n\t\t\t\t<\/div>\n\t\t<div class=\"elementor-element elementor-element-b4cd138 e-con-full e-flex e-con e-child\" data-id=\"b4cd138\" data-element_type=\"container\" data-settings=\"{&quot;content_width&quot;:&quot;full&quot;}\">\n\t\t\t\t<div class=\"elementor-element elementor-element-62d9168 e-transform elementor-invisible elementor-widget elementor-widget-text-editor\" data-id=\"62d9168\" data-element_type=\"widget\" data-settings=\"{&quot;_animation&quot;:&quot;bounceIn&quot;,&quot;_transform_scale_effect&quot;:{&quot;unit&quot;:&quot;px&quot;,&quot;size&quot;:&quot;&quot;,&quot;sizes&quot;:[]},&quot;_transform_scale_effect_tablet&quot;:{&quot;unit&quot;:&quot;px&quot;,&quot;size&quot;:&quot;&quot;,&quot;sizes&quot;:[]},&quot;_transform_scale_effect_mobile&quot;:{&quot;unit&quot;:&quot;px&quot;,&quot;size&quot;:&quot;&quot;,&quot;sizes&quot;:[]}}\" data-widget_type=\"text-editor.default\">\n\t\t\t\t<div class=\"elementor-widget-container\">\n\t\t\t\t\t\t\t<ul><li>roboty rozbi\u00f3rkowe i wyburzeniowe<\/li><li>hydroizolacje wewn\u0119trzne i zewn\u0119trzne<\/li><li>termomodernizacje<\/li><li>roboty posadzkarskie<\/li><li>roboty drogowe<\/li><li>roboty wyko\u0144czeniowe<\/li><\/ul>\t\t\t\t\t\t<\/div>\n\t\t\t\t<\/div>\n\t\t\t\t<div class=\"elementor-element elementor-element-a8adf94 e-transform elementor-invisible elementor-widget elementor-widget-text-editor\" data-id=\"a8adf94\" data-element_type=\"widget\" data-settings=\"{&quot;_animation&quot;:&quot;bounceIn&quot;,&quot;_transform_scale_effect&quot;:{&quot;unit&quot;:&quot;px&quot;,&quot;size&quot;:&quot;&quot;,&quot;sizes&quot;:[]},&quot;_transform_scale_effect_tablet&quot;:{&quot;unit&quot;:&quot;px&quot;,&quot;size&quot;:&quot;&quot;,&quot;sizes&quot;:[]},&quot;_transform_scale_effect_mobile&quot;:{&quot;unit&quot;:&quot;px&quot;,&quot;size&quot;:&quot;&quot;,&quot;sizes&quot;:[]}}\" data-widget_type=\"text-editor.default\">\n\t\t\t\t<div class=\"elementor-widget-container\">\n\t\t\t\t\t\t\t<ul><li>konstrukcje drewniane<\/li><li>konstrukcje \u017celbetowe<\/li><li>izolacje dachowe<\/li><li>instalacje elektryczne i teletech<\/li><li>instalacje alarmowe i ppo\u017c<\/li><li>roboty sanitarne, wentylacyjne i klimatyzacyjne<\/li><\/ul>\t\t\t\t\t\t<\/div>\n\t\t\t\t<\/div>\n\t\t\t\t<\/div>\n\t\t<div class=\"elementor-element elementor-element-c0856be e-flex e-con-boxed e-con e-child\" data-id=\"c0856be\" data-element_type=\"container\" data-settings=\"{&quot;content_width&quot;:&quot;boxed&quot;}\">\n\t\t\t\t\t<div class=\"e-con-inner\">\n\t\t\t\t\t<\/div>\n\t\t\t\t<\/div>\n\t\t\t\t\t<\/div>\n\t\t\t\t<\/div>\n\t\t<div class=\"elementor-element elementor-element-b089e78 e-flex e-con-boxed e-con e-parent\" data-id=\"b089e78\" data-element_type=\"container\" data-settings=\"{&quot;content_width&quot;:&quot;boxed&quot;}\" data-core-v316-plus=\"true\">\n\t\t\t\t\t<div class=\"e-con-inner\">\n\t\t\t\t\t<\/div>\n\t\t\t\t<\/div>\n\t\t\t\t\t\t\t<\/div>\n\t\t","protected":false},"excerpt":{"rendered":"<p>O NAS Lucmar Sp. Z o.o. to dynamicznie rozwijaj\u0105ca si\u0119 firma, kt\u00f3ra zajmuje si\u0119 kompleksowym wykonywaniem prac og\u00f3lnobudowlanych. Nasi wykwalifikowani pracownicy posiadaj\u0105 wieloletnie do\u015bwiadczenie w remontach, przebudowach i modernizacjach r\u00f3\u017cnego rodzaju obiekt\u00f3w budowlanych, zar\u00f3wno w sektorze prywatnym, jak i publicznym. Realizujemy projekty o wysokim stopniu skomplikowania, wykorzystuj\u0105c najnowsze technologie i [&hellip;]<\/p>\n","protected":false},"author":1,"featured_media":0,"parent":0,"menu_order":0,"comment_status":"closed","ping_status":"closed","template":"","meta":{"footnotes":""},"class_list":["post-15","page","type-page","status-publish","hentry"],"yoast_head":"<!-- This site is optimized with the Yoast SEO plugin v21.7 - https:\/\/yoast.com\/wordpress\/plugins\/seo\/ -->\n<title>Strona g\u0142\u00f3wna - Lucmar Sp. z o.o.<\/title>\n<meta name=\"robots\" content=\"index, follow, max-snippet:-1, max-image-preview:large, max-video-preview:-1\" \/>\n<link rel=\"canonical\" href=\"https:\/\/lucmar.pl\/\" \/>\n<meta property=\"og:locale\" content=\"pl_PL\" \/>\n<meta property=\"og:type\" content=\"article\" \/>\n<meta property=\"og:title\" content=\"Strona g\u0142\u00f3wna - Lucmar Sp. z o.o.\" \/>\n<meta property=\"og:description\" content=\"O NAS Lucmar Sp. Z o.o. to dynamicznie rozwijaj\u0105ca si\u0119 firma, kt\u00f3ra zajmuje si\u0119 kompleksowym wykonywaniem prac og\u00f3lnobudowlanych. Nasi wykwalifikowani pracownicy posiadaj\u0105 wieloletnie do\u015bwiadczenie w remontach, przebudowach i modernizacjach r\u00f3\u017cnego rodzaju obiekt\u00f3w budowlanych, zar\u00f3wno w sektorze prywatnym, jak i publicznym. Realizujemy projekty o wysokim stopniu skomplikowania, wykorzystuj\u0105c najnowsze technologie i [&hellip;]\" \/>\n<meta property=\"og:url\" content=\"https:\/\/lucmar.pl\/\" \/>\n<meta property=\"og:site_name\" content=\"Lucmar Sp. z o.o.\" \/>\n<meta property=\"article:modified_time\" content=\"2024-09-19T16:28:23+00:00\" \/>\n<meta name=\"twitter:card\" content=\"summary_large_image\" \/>\n<meta name=\"twitter:label1\" content=\"Szacowany czas czytania\" \/>\n\t<meta name=\"twitter:data1\" content=\"1 minuta\" \/>\n<script type=\"application\/ld+json\" class=\"yoast-schema-graph\">{\"@context\":\"https:\/\/schema.org\",\"@graph\":[{\"@type\":\"WebPage\",\"@id\":\"https:\/\/lucmar.pl\/\",\"url\":\"https:\/\/lucmar.pl\/\",\"name\":\"Strona g\u0142\u00f3wna - Lucmar Sp. z o.o.\",\"isPartOf\":{\"@id\":\"https:\/\/lucmar.pl\/#website\"},\"datePublished\":\"2023-11-18T11:33:49+00:00\",\"dateModified\":\"2024-09-19T16:28:23+00:00\",\"breadcrumb\":{\"@id\":\"https:\/\/lucmar.pl\/#breadcrumb\"},\"inLanguage\":\"pl-PL\",\"potentialAction\":[{\"@type\":\"ReadAction\",\"target\":[\"https:\/\/lucmar.pl\/\"]}]},{\"@type\":\"BreadcrumbList\",\"@id\":\"https:\/\/lucmar.pl\/#breadcrumb\",\"itemListElement\":[{\"@type\":\"ListItem\",\"position\":1,\"name\":\"Home\",\"item\":\"https:\/\/lucmar.pl\/\"},{\"@type\":\"ListItem\",\"position\":2,\"name\":\"Strona g\u0142\u00f3wna\"}]},{\"@type\":\"WebSite\",\"@id\":\"https:\/\/lucmar.pl\/#website\",\"url\":\"https:\/\/lucmar.pl\/\",\"name\":\"Lucmar Sp. z o.o.\",\"description\":\"\",\"publisher\":{\"@id\":\"https:\/\/lucmar.pl\/#organization\"},\"potentialAction\":[{\"@type\":\"SearchAction\",\"target\":{\"@type\":\"EntryPoint\",\"urlTemplate\":\"https:\/\/lucmar.pl\/?s={search_term_string}\"},\"query-input\":\"required name=search_term_string\"}],\"inLanguage\":\"pl-PL\"},{\"@type\":\"Organization\",\"@id\":\"https:\/\/lucmar.pl\/#organization\",\"name\":\"Lucmar Sp. z o.o.\",\"url\":\"https:\/\/lucmar.pl\/\",\"logo\":{\"@type\":\"ImageObject\",\"inLanguage\":\"pl-PL\",\"@id\":\"https:\/\/lucmar.pl\/#\/schema\/logo\/image\/\",\"url\":\"https:\/\/lucmar.pl\/wp-content\/uploads\/2023\/11\/cropped-LucMarlogo.png\",\"contentUrl\":\"https:\/\/lucmar.pl\/wp-content\/uploads\/2023\/11\/cropped-LucMarlogo.png\",\"width\":1324,\"height\":600,\"caption\":\"Lucmar Sp. z o.o.\"},\"image\":{\"@id\":\"https:\/\/lucmar.pl\/#\/schema\/logo\/image\/\"}}]}<\/script>\n<!-- \/ Yoast SEO plugin. -->","yoast_head_json":{"title":"Strona g\u0142\u00f3wna - Lucmar Sp. z o.o.","robots":{"index":"index","follow":"follow","max-snippet":"max-snippet:-1","max-image-preview":"max-image-preview:large","max-video-preview":"max-video-preview:-1"},"canonical":"https:\/\/lucmar.pl\/","og_locale":"pl_PL","og_type":"article","og_title":"Strona g\u0142\u00f3wna - Lucmar Sp. z o.o.","og_description":"O NAS Lucmar Sp. Z o.o. to dynamicznie rozwijaj\u0105ca si\u0119 firma, kt\u00f3ra zajmuje si\u0119 kompleksowym wykonywaniem prac og\u00f3lnobudowlanych. Nasi wykwalifikowani pracownicy posiadaj\u0105 wieloletnie do\u015bwiadczenie w remontach, przebudowach i modernizacjach r\u00f3\u017cnego rodzaju obiekt\u00f3w budowlanych, zar\u00f3wno w sektorze prywatnym, jak i publicznym. Realizujemy projekty o wysokim stopniu skomplikowania, wykorzystuj\u0105c najnowsze technologie i [&hellip;]","og_url":"https:\/\/lucmar.pl\/","og_site_name":"Lucmar Sp. z o.o.","article_modified_time":"2024-09-19T16:28:23+00:00","twitter_card":"summary_large_image","twitter_misc":{"Szacowany czas czytania":"1 minuta"},"schema":{"@context":"https:\/\/schema.org","@graph":[{"@type":"WebPage","@id":"https:\/\/lucmar.pl\/","url":"https:\/\/lucmar.pl\/","name":"Strona g\u0142\u00f3wna - Lucmar Sp. z o.o.","isPartOf":{"@id":"https:\/\/lucmar.pl\/#website"},"datePublished":"2023-11-18T11:33:49+00:00","dateModified":"2024-09-19T16:28:23+00:00","breadcrumb":{"@id":"https:\/\/lucmar.pl\/#breadcrumb"},"inLanguage":"pl-PL","potentialAction":[{"@type":"ReadAction","target":["https:\/\/lucmar.pl\/"]}]},{"@type":"BreadcrumbList","@id":"https:\/\/lucmar.pl\/#breadcrumb","itemListElement":[{"@type":"ListItem","position":1,"name":"Home","item":"https:\/\/lucmar.pl\/"},{"@type":"ListItem","position":2,"name":"Strona g\u0142\u00f3wna"}]},{"@type":"WebSite","@id":"https:\/\/lucmar.pl\/#website","url":"https:\/\/lucmar.pl\/","name":"Lucmar Sp. z o.o.","description":"","publisher":{"@id":"https:\/\/lucmar.pl\/#organization"},"potentialAction":[{"@type":"SearchAction","target":{"@type":"EntryPoint","urlTemplate":"https:\/\/lucmar.pl\/?s={search_term_string}"},"query-input":"required name=search_term_string"}],"inLanguage":"pl-PL"},{"@type":"Organization","@id":"https:\/\/lucmar.pl\/#organization","name":"Lucmar Sp. z o.o.","url":"https:\/\/lucmar.pl\/","logo":{"@type":"ImageObject","inLanguage":"pl-PL","@id":"https:\/\/lucmar.pl\/#\/schema\/logo\/image\/","url":"https:\/\/lucmar.pl\/wp-content\/uploads\/2023\/11\/cropped-LucMarlogo.png","contentUrl":"https:\/\/lucmar.pl\/wp-content\/uploads\/2023\/11\/cropped-LucMarlogo.png","width":1324,"height":600,"caption":"Lucmar Sp. z o.o."},"image":{"@id":"https:\/\/lucmar.pl\/#\/schema\/logo\/image\/"}}]}},"_links":{"self":[{"href":"https:\/\/lucmar.pl\/index.php?rest_route=\/wp\/v2\/pages\/15","targetHints":{"allow":["GET"]}}],"collection":[{"href":"https:\/\/lucmar.pl\/index.php?rest_route=\/wp\/v2\/pages"}],"about":[{"href":"https:\/\/lucmar.pl\/index.php?rest_route=\/wp\/v2\/types\/page"}],"author":[{"embeddable":true,"href":"https:\/\/lucmar.pl\/index.php?rest_route=\/wp\/v2\/users\/1"}],"replies":[{"embeddable":true,"href":"https:\/\/lucmar.pl\/index.php?rest_route=%2Fwp%2Fv2%2Fcomments&post=15"}],"version-history":[{"count":109,"href":"https:\/\/lucmar.pl\/index.php?rest_route=\/wp\/v2\/pages\/15\/revisions"}],"predecessor-version":[{"id":192,"href":"https:\/\/lucmar.pl\/index.php?rest_route=\/wp\/v2\/pages\/15\/revisions\/192"}],"wp:attachment":[{"href":"https:\/\/lucmar.pl\/index.php?rest_route=%2Fwp%2Fv2%2Fmedia&parent=15"}],"curies":[{"name":"wp","href":"https:\/\/api.w.org\/{rel}","templated":true}]}}